{"id":2222,"date":"2025-02-24T15:58:38","date_gmt":"2025-02-24T15:58:38","guid":{"rendered":"https:\/\/fluortech.nl\/?page_id=2222"},"modified":"2026-01-22T15:08:00","modified_gmt":"2026-01-22T15:08:00","slug":"experiencia","status":"publish","type":"page","link":"https:\/\/fluortech.nl\/es\/experiencia\/","title":{"rendered":""},"content":{"rendered":"\n<section class=\"section_intro section primary\" style=\"padding-top: px; padding-bottom: px; margin-top: px; margin-bottom: px\">\n    <div class=\"container\" data-aos=\"fade-up\" data-aos-duration=\"500\">\n        <div class=\"row\">\n            <div class=\"col-12 offset-0 col-xl-10 offset-xl-1\">\n                \n\n<div class=\"wp-block-columns is-layout-flex wp-container-core-columns-is-layout-9d6595d7 wp-block-columns-is-layout-flex\">\n<div class=\"wp-block-column is-layout-flow wp-block-column-is-layout-flow\">\n<h2 class=\"wp-block-heading\">Nuestra experiencia,<br>su ventaja<\/h2>\n<\/div>\n\n\n\n<div class=\"wp-block-column is-layout-flow wp-block-column-is-layout-flow\">\n<p class=\"has-large-font-size\">La industria de producci\u00f3n y de procesos est\u00e1 cambiando a gran velocidad. Mayores exigencias de higiene, normativas m\u00e1s estrictas, temperaturas m\u00e1s altas, ciclos m\u00e1s cortos y un mayor nivel de automatizaci\u00f3n hacen que los procesos sean cada vez m\u00e1s complejos. Al mismo tiempo, el conocimiento especializado en materiales y tecnolog\u00eda de procesos dentro de las organizaciones es cada vez m\u00e1s escaso y dif\u00edcil de mantener.<\/p>\n\n\n\n<p>No adaptarse a estos cambios conduce inevitablemente a paradas, ineficiencias, p\u00e9rdida de calidad o desperdicio. Para seguir siendo competitivo, es esencial poder confiar en un socio con experiencia en PTFE y en la optimizaci\u00f3n de procesos t\u00e9rmicos.<\/p>\n\n\n\n<p><strong>Fluortech &#8211; Food Handling Supplies<\/strong> es ese socio.<\/p>\n\n\n\n<p>Fluortech se centra en tres aspectos cr\u00edticos dentro de su entorno de producci\u00f3n: un rendimiento antiadherente fiable, una resistencia duradera a la temperatura y al desgaste, y un flujo eficiente de materiales dentro de procesos t\u00e9rmicos.<\/p>\n\n\n\n<p>Apoyamos a OEM y a productores innovadores en la aplicaci\u00f3n estrat\u00e9gica de materiales de PTFE, recubrimientos y soluciones de transporte. Con tres competencias clave complementarias, asesoramiento t\u00e9cnico, desarrollo a medida de productos de PTFE y una producci\u00f3n y servicio fiables, ayudamos a las empresas a configurar sus procesos de forma m\u00e1s segura, limpia y eficiente.<\/p>\n\n\n\n<p>Adem\u00e1s, nuestros recubrimientos de PTFE de alta calidad y las construcciones duraderas de cintas transportadoras prolongan significativamente la vida \u00fatil tanto de los componentes de la maquinaria como de sus productos. Esto ofrece una alternativa preparada para el futuro y rentable frente a sustituciones frecuentes, con beneficios demostrables en disponibilidad, higiene, consumo energ\u00e9tico y mantenimiento.<\/p>\n\n\n\n<div class=\"wp-block-buttons is-layout-flex wp-block-buttons-is-layout-flex\">\n<div class=\"wp-block-button is-style-outline is-style-outline--1\"><a class=\"wp-block-button__link wp-element-button\" href=\"https:\/\/fluortech.nl\/es\/competencias\/\">M\u00e1s sobre Fluortech<\/a><\/div>\n<\/div>\n<\/div>\n<\/div>\n\n\n            <\/div>\n        <\/div>\n    <\/div>\n<\/section>\n\n\n<section class=\"section_accordeon section white\" style=\"padding-top: px; padding-bottom: px; margin-top: px; margin-bottom: px\">\n    <div class=\"container\">\n        <div class=\"row\">\n            <div class=\"col-12 offset-0 col-xl-10 offset-xl-1\">\n                <div class=\"intro\" data-aos=\"fade-up\" data-aos-duration=\"500\">\n                    <h2>Nuestros \u00e1mbitos de especializaci\u00f3n<\/h2>\n                <\/div>\n            <\/div>\n            <div class=\"col-12 offset-0 col-xl-10 offset-xl-1\">\n                                    <div class=\"accordion\" id=\"accordionFaq\">\n                                                                                <div class=\"accordion-item\" data-aos=\"fade-up\" data-aos-duration=\"500\">\n                                <p class=\"accordion-header\" id=\"heading-1021878393\">\n                                    <span class=\"accordion-button collapsed\" type=\"button\" data-bs-toggle=\"collapse\" data-bs-target=\"#collapse-1021878393\" aria-expanded=\"false\" aria-controls=\"collapse-1021878393\">\n                                        Rendimiento antiadherente fiable                                    <\/span>\n                                <\/p>\n                                <div id=\"collapse-1021878393\" class=\"accordion-collapse collapse\" aria-labelledby=\"heading-1021878393\" data-bs-parent=\"#accordionFaq\">\n                                    <div class=\"accordion-body\">\n                                        <p>Las propiedades antiadherentes son esenciales en procesos en los que los productos no deben adherirse, quemarse ni deformarse. Los materiales de PTFE ofrecen una combinaci\u00f3n \u00fanica de comportamiento antiadherente, resistencia qu\u00edmica y facilidad de limpieza.<\/p>\n<p><strong>FluorTech suministra soluciones antiadherentes que:<br \/>\n<\/strong><\/p>\n<ul>\n<li>previenen el desperdicio de producto<\/li>\n<li>reducen dr\u00e1sticamente los tiempos de limpieza<\/li>\n<li>mejoran la calidad del producto gracias a una liberaci\u00f3n constante<\/li>\n<li>minimizan los riesgos de contaminaci\u00f3n o incrustaciones<\/li>\n<\/ul>\n<p><em>Desde cintas de horneado hasta l\u00e1minas y recubrimientos, garantizamos un rendimiento antiadherente estable, incluso bajo cargas t\u00e9rmicas extremas.<\/em><\/p>\n                                                                            <\/div>\n                                <\/div>\n                            <\/div>\n                                                                                <div class=\"accordion-item\" data-aos=\"fade-up\" data-aos-duration=\"500\">\n                                <p class=\"accordion-header\" id=\"heading-823179336\">\n                                    <span class=\"accordion-button collapsed\" type=\"button\" data-bs-toggle=\"collapse\" data-bs-target=\"#collapse-823179336\" aria-expanded=\"false\" aria-controls=\"collapse-823179336\">\n                                        Resistencia duradera a la temperatura y al desgaste                                    <\/span>\n                                <\/p>\n                                <div id=\"collapse-823179336\" class=\"accordion-collapse collapse\" aria-labelledby=\"heading-823179336\" data-bs-parent=\"#accordionFaq\">\n                                    <div class=\"accordion-body\">\n                                        <p>En procesos de producci\u00f3n con altas temperaturas, cargas c\u00edclicas y condiciones abrasivas, la estabilidad del material es crucial. Los productos y recubrimientos de PTFE de FluorTech est\u00e1n dise\u00f1ados para resistir a largo plazo el estr\u00e9s t\u00e9rmico, el desgaste mec\u00e1nico y las influencias qu\u00edmicas.<br \/>\n<strong>Nuestras soluciones ofrecen:<\/strong><\/p>\n<ul>\n<li>alta resistencia a la temperatura, desde calor continuo hasta cargas pico extremas<\/li>\n<li>bajo coeficiente de fricci\u00f3n para un desgaste m\u00ednimo<\/li>\n<\/ul>\n                                                                            <\/div>\n                                <\/div>\n                            <\/div>\n                                                                                <div class=\"accordion-item\" data-aos=\"fade-up\" data-aos-duration=\"500\">\n                                <p class=\"accordion-header\" id=\"heading-768254659\">\n                                    <span class=\"accordion-button collapsed\" type=\"button\" data-bs-toggle=\"collapse\" data-bs-target=\"#collapse-768254659\" aria-expanded=\"false\" aria-controls=\"collapse-768254659\">\n                                        Flujo eficiente de materiales                                    <\/span>\n                                <\/p>\n                                <div id=\"collapse-768254659\" class=\"accordion-collapse collapse\" aria-labelledby=\"heading-768254659\" data-bs-parent=\"#accordionFaq\">\n                                    <div class=\"accordion-body\">\n                                        <p>En procesos t\u00e9rmicos como horneado, asado, secado y otros, la calidad de la cinta transportadora y del PTFE utilizado determina en gran medida la velocidad de paso, el consumo energ\u00e9tico y la uniformidad del producto.<br \/>\n<strong>FluorTech suministra cintas transportadoras y componentes a medida que:<\/strong><\/p>\n<ul>\n<li>garantizan una transferencia de calor uniforme y un flujo de producto estable<\/li>\n<li>reducen la fricci\u00f3n y aumentan la eficiencia energ\u00e9tica<\/li>\n<li>son aptos para altas cargas mec\u00e1nicas y producci\u00f3n continua<\/li>\n<li>est\u00e1n perfectamente adaptados a su parque de maquinaria y a las condiciones del proceso<\/li>\n<\/ul>\n<p><em>De este modo le ayudamos a aumentar la capacidad de producci\u00f3n, reducir la variabilidad y hacer que los procesos t\u00e9rmicos sean previsibles y controlables.<\/em><\/p>\n                                                                            <\/div>\n                                <\/div>\n                            <\/div>\n                                            <\/div>\n                            <\/div>\n        <\/div>\n    <\/div>\n\n    \n\n<\/section>\n\n\n\n<section id=\"\" class=\"section section primary\" style=\"padding-top: px; padding-bottom: 40px; margin-top: px; margin-bottom: px\">\n    <div class=\"container\" data-aos=\"fade-up\" data-aos-duration=\"500\">\n        \n\n<p><\/p>\n\n\n    <\/div>\n<\/section>","protected":false},"excerpt":{"rendered":"","protected":false},"author":2,"featured_media":2141,"parent":0,"menu_order":0,"comment_status":"closed","ping_status":"closed","template":"","meta":{"_acf_changed":false,"inline_featured_image":false,"footnotes":""},"class_list":["post-2222","page","type-page","status-publish","has-post-thumbnail","hentry"],"acf":[],"yoast_head":"<!-- This site is optimized with the Yoast SEO plugin v27.3 - https:\/\/yoast.com\/product\/yoast-seo-wordpress\/ -->\n<title>- Fluortech<\/title>\n<meta name=\"robots\" content=\"index, follow, max-snippet:-1, max-image-preview:large, max-video-preview:-1\" \/>\n<link rel=\"canonical\" href=\"https:\/\/fluortech.nl\/expertise\/\" \/>\n<meta property=\"og:locale\" content=\"es_ES\" \/>\n<meta property=\"og:type\" content=\"article\" \/>\n<meta property=\"og:title\" content=\"- Fluortech\" \/>\n<meta property=\"og:url\" content=\"https:\/\/fluortech.nl\/expertise\/\" \/>\n<meta property=\"og:site_name\" content=\"Fluortech\" \/>\n<meta property=\"article:modified_time\" content=\"2026-01-22T15:08:00+00:00\" \/>\n<meta property=\"og:image\" content=\"https:\/\/fluortech.nl\/wp-content\/uploads\/2025\/11\/iStock-1053170362.jpg\" \/>\n\t<meta property=\"og:image:width\" content=\"1920\" \/>\n\t<meta property=\"og:image:height\" content=\"1280\" \/>\n\t<meta property=\"og:image:type\" content=\"image\/jpeg\" \/>\n<meta name=\"twitter:card\" content=\"summary_large_image\" \/>\n<meta name=\"twitter:label1\" content=\"Tiempo de lectura\" \/>\n\t<meta name=\"twitter:data1\" content=\"1 minuto\" \/>\n<script type=\"application\/ld+json\" class=\"yoast-schema-graph\">{\"@context\":\"https:\\\/\\\/schema.org\",\"@graph\":[{\"@type\":\"WebPage\",\"@id\":\"https:\\\/\\\/fluortech.nl\\\/expertise\\\/\",\"url\":\"https:\\\/\\\/fluortech.nl\\\/expertise\\\/\",\"name\":\"- Fluortech\",\"isPartOf\":{\"@id\":\"https:\\\/\\\/fluortech.nl\\\/#website\"},\"primaryImageOfPage\":{\"@id\":\"https:\\\/\\\/fluortech.nl\\\/expertise\\\/#primaryimage\"},\"image\":{\"@id\":\"https:\\\/\\\/fluortech.nl\\\/expertise\\\/#primaryimage\"},\"thumbnailUrl\":\"https:\\\/\\\/fluortech.nl\\\/wp-content\\\/uploads\\\/2025\\\/11\\\/iStock-1053170362.jpg\",\"datePublished\":\"2025-02-24T15:58:38+00:00\",\"dateModified\":\"2026-01-22T15:08:00+00:00\",\"inLanguage\":\"es\",\"potentialAction\":[{\"@type\":\"ReadAction\",\"target\":[\"https:\\\/\\\/fluortech.nl\\\/expertise\\\/\"]}]},{\"@type\":\"ImageObject\",\"inLanguage\":\"es\",\"@id\":\"https:\\\/\\\/fluortech.nl\\\/expertise\\\/#primaryimage\",\"url\":\"https:\\\/\\\/fluortech.nl\\\/wp-content\\\/uploads\\\/2025\\\/11\\\/iStock-1053170362.jpg\",\"contentUrl\":\"https:\\\/\\\/fluortech.nl\\\/wp-content\\\/uploads\\\/2025\\\/11\\\/iStock-1053170362.jpg\",\"width\":1920,\"height\":1280,\"caption\":\"Conveyor oven for contact roasting meat products\"},{\"@type\":\"WebSite\",\"@id\":\"https:\\\/\\\/fluortech.nl\\\/#website\",\"url\":\"https:\\\/\\\/fluortech.nl\\\/\",\"name\":\"Fluortech\",\"description\":\"Food Handling Supplies\",\"potentialAction\":[{\"@type\":\"SearchAction\",\"target\":{\"@type\":\"EntryPoint\",\"urlTemplate\":\"https:\\\/\\\/fluortech.nl\\\/?s={search_term_string}\"},\"query-input\":{\"@type\":\"PropertyValueSpecification\",\"valueRequired\":true,\"valueName\":\"search_term_string\"}}],\"inLanguage\":\"es\"}]}<\/script>\n<!-- \/ Yoast SEO plugin. -->","yoast_head_json":{"title":"- Fluortech","robots":{"index":"index","follow":"follow","max-snippet":"max-snippet:-1","max-image-preview":"max-image-preview:large","max-video-preview":"max-video-preview:-1"},"canonical":"https:\/\/fluortech.nl\/expertise\/","og_locale":"es_ES","og_type":"article","og_title":"- Fluortech","og_url":"https:\/\/fluortech.nl\/expertise\/","og_site_name":"Fluortech","article_modified_time":"2026-01-22T15:08:00+00:00","og_image":[{"width":1920,"height":1280,"url":"https:\/\/fluortech.nl\/wp-content\/uploads\/2025\/11\/iStock-1053170362.jpg","type":"image\/jpeg"}],"twitter_card":"summary_large_image","twitter_misc":{"Tiempo de lectura":"1 minuto"},"schema":{"@context":"https:\/\/schema.org","@graph":[{"@type":"WebPage","@id":"https:\/\/fluortech.nl\/expertise\/","url":"https:\/\/fluortech.nl\/expertise\/","name":"- Fluortech","isPartOf":{"@id":"https:\/\/fluortech.nl\/#website"},"primaryImageOfPage":{"@id":"https:\/\/fluortech.nl\/expertise\/#primaryimage"},"image":{"@id":"https:\/\/fluortech.nl\/expertise\/#primaryimage"},"thumbnailUrl":"https:\/\/fluortech.nl\/wp-content\/uploads\/2025\/11\/iStock-1053170362.jpg","datePublished":"2025-02-24T15:58:38+00:00","dateModified":"2026-01-22T15:08:00+00:00","inLanguage":"es","potentialAction":[{"@type":"ReadAction","target":["https:\/\/fluortech.nl\/expertise\/"]}]},{"@type":"ImageObject","inLanguage":"es","@id":"https:\/\/fluortech.nl\/expertise\/#primaryimage","url":"https:\/\/fluortech.nl\/wp-content\/uploads\/2025\/11\/iStock-1053170362.jpg","contentUrl":"https:\/\/fluortech.nl\/wp-content\/uploads\/2025\/11\/iStock-1053170362.jpg","width":1920,"height":1280,"caption":"Conveyor oven for contact roasting meat products"},{"@type":"WebSite","@id":"https:\/\/fluortech.nl\/#website","url":"https:\/\/fluortech.nl\/","name":"Fluortech","description":"Food Handling Supplies","potentialAction":[{"@type":"SearchAction","target":{"@type":"EntryPoint","urlTemplate":"https:\/\/fluortech.nl\/?s={search_term_string}"},"query-input":{"@type":"PropertyValueSpecification","valueRequired":true,"valueName":"search_term_string"}}],"inLanguage":"es"}]}},"_links":{"self":[{"href":"https:\/\/fluortech.nl\/es\/wp-json\/wp\/v2\/pages\/2222","targetHints":{"allow":["GET"]}}],"collection":[{"href":"https:\/\/fluortech.nl\/es\/wp-json\/wp\/v2\/pages"}],"about":[{"href":"https:\/\/fluortech.nl\/es\/wp-json\/wp\/v2\/types\/page"}],"author":[{"embeddable":true,"href":"https:\/\/fluortech.nl\/es\/wp-json\/wp\/v2\/users\/2"}],"replies":[{"embeddable":true,"href":"https:\/\/fluortech.nl\/es\/wp-json\/wp\/v2\/comments?post=2222"}],"version-history":[{"count":1,"href":"https:\/\/fluortech.nl\/es\/wp-json\/wp\/v2\/pages\/2222\/revisions"}],"predecessor-version":[{"id":2226,"href":"https:\/\/fluortech.nl\/es\/wp-json\/wp\/v2\/pages\/2222\/revisions\/2226"}],"wp:featuredmedia":[{"embeddable":true,"href":"https:\/\/fluortech.nl\/es\/wp-json\/wp\/v2\/media\/2141"}],"wp:attachment":[{"href":"https:\/\/fluortech.nl\/es\/wp-json\/wp\/v2\/media?parent=2222"}],"curies":[{"name":"wp","href":"https:\/\/api.w.org\/{rel}","templated":true}]}}