{"id":3966,"date":"2025-02-24T15:58:24","date_gmt":"2025-02-24T15:58:24","guid":{"rendered":"https:\/\/fluortech.nl\/?page_id=3966"},"modified":"2026-03-26T13:54:37","modified_gmt":"2026-03-26T13:54:37","slug":"von-der-idee-zur-umsetzung","status":"publish","type":"page","link":"https:\/\/fluortech.nl\/de\/von-der-idee-zur-umsetzung\/","title":{"rendered":"Von der Idee zur Umsetzung"},"content":{"rendered":"\n<section class=\"section_intro section primary\" style=\"padding-top: px; padding-bottom: px; margin-top: px; margin-bottom: px\">\n    <div class=\"container\" data-aos=\"fade-up\" data-aos-duration=\"500\">\n        <div class=\"row\">\n            <div class=\"col-12 offset-0 col-xl-10 offset-xl-1\">\n                \n\n<div class=\"wp-block-columns is-layout-flex wp-container-core-columns-is-layout-9d6595d7 wp-block-columns-is-layout-flex\">\n<div class=\"wp-block-column is-layout-flow wp-block-column-is-layout-flow\">\n<h2 class=\"wp-block-heading\">So f\u00fchren wir Sie zu Spitzenleistungen<\/h2>\n<\/div>\n\n\n\n<div class=\"wp-block-column is-layout-flow wp-block-column-is-layout-flow\">\n<p class=\"has-large-font-size\">Bei Fluortech dreht sich alles um intelligente L\u00f6sungen und hochwertigen Service, die wirklich den Unterschied ausmachen. Von der kompetenten Beratung \u00fcber die Entwicklung bis hin zur Lieferung: Wir kombinieren technisches Fachwissen, praktisches Know-how und ein breites Angebot an PTFE-L\u00f6sungen.<\/p>\n\n\n\n<p>Als spezialisierter Partner f\u00fcr PTFE-Beschichtungen, beschichtete Glasgewebe, Kevlar-verst\u00e4rkte Materialien, Folien, Klebeb\u00e4nder und F\u00f6rderb\u00e4nder vereinen wir fundiertes technisches Wissen und langj\u00e4hrige praktische Erfahrung in der industriellen Fertigung. Unser Fokus liegt auf Branchen, in denen Antihaft-Eigenschaften und Temperaturbest\u00e4ndigkeit entscheidend sind, wie beispielsweise in der Lebensmittelindustrie.<\/p>\n\n\n\n<p>Dank unseres integrierten Ansatzes unterst\u00fctzen wir Sie in jeder Phase:<\/p>\n\n\n\n<ul class=\"wp-block-list\">\n<li><strong>Beratung &amp; Konstruktion: <\/strong><br>Wir beraten Sie proaktiv bei der Materialauswahl und Konstruktion f\u00fcr optimale Leistung.<\/li>\n\n\n\n<li><strong>Ma\u00dfgeschneiderte Produktion: <\/strong><br>Von PTFE-F\u00f6rderb\u00e4ndern (Back-, Grill- und Trocknungsb\u00e4nder) bis hin zu Klebeb\u00e4ndern und komplexen Zuschnitten \u2013 alles wird in unserer eigenen Fabrik hergestellt.<\/li>\n\n\n\n<li><strong>Breites Sortiment an PTFE-Produkten:<\/strong> naast Neben F\u00f6rderb\u00e4ndern liefern wir Klebeb\u00e4nder, Folien, Dichtungsb\u00e4nder, Silikone und k\u00f6nnen beispielsweise Maschinenteile mit PTFE- oder PFAS-freien Beschichtungen versehen.<\/li>\n<\/ul>\n\n\n\n<p>Was uns auszeichnet, ist, dass wir nicht nur liefern, sondern mit Ihnen mitdenken. Ob es um die Vermeidung von Produktsch\u00e4den, die Optimierung von Temperaturprozessen oder die Reduzierung von Verschlei\u00df und Verschwendung geht: Wir bieten eine Komplettl\u00f6sung, die vollst\u00e4ndig auf Ihren Prozess abgestimmt ist.<\/p>\n\n\n\n<p>Mit Fluortech gewinnen Sie einen Partner, der technisches Fachwissen mit praktischer Prozesskenntnis verbindet, sodass W\u00e4rme und Reibung effizient und zuverl\u00e4ssig kontrolliert werden k\u00f6nnen.<\/p>\n<\/div>\n<\/div>\n\n\n            <\/div>\n        <\/div>\n    <\/div>\n<\/section>\n\n\n<section class=\"section_accordeon section white\" style=\"padding-top: px; padding-bottom: px; margin-top: px; margin-bottom: px\">\n    <div class=\"container\">\n        <div class=\"row\">\n            <div class=\"col-12 offset-0 col-xl-10 offset-xl-1\">\n                <div class=\"intro\" data-aos=\"fade-up\" data-aos-duration=\"500\">\n                    <h2>Wissensbasierte Kernkompetenzen<\/h2>\n                <\/div>\n            <\/div>\n            <div class=\"col-12 offset-0 col-xl-10 offset-xl-1\">\n                                    <div class=\"accordion\" id=\"accordionFaq\">\n                                                                                <div class=\"accordion-item\" data-aos=\"fade-up\" data-aos-duration=\"500\">\n                                <p class=\"accordion-header\" id=\"heading-1013187572\">\n                                    <span class=\"accordion-button collapsed\" type=\"button\" data-bs-toggle=\"collapse\" data-bs-target=\"#collapse-1013187572\" aria-expanded=\"false\" aria-controls=\"collapse-1013187572\">\n                                        Beratung &amp; Entwurf                                    <\/span>\n                                <\/p>\n                                <div id=\"collapse-1013187572\" class=\"accordion-collapse collapse\" aria-labelledby=\"heading-1013187572\" data-bs-parent=\"#accordionFaq\">\n                                    <div class=\"accordion-body\">\n                                        <p>Ein effizienter Prozess beginnt mit der richtigen Materialauswahl und Produktkonstruktion. Fluortech unterst\u00fctzt Sie vom ersten Schritt an mit technisch fundierter Beratung, die auf Leistung, Sicherheit und Kostenkontrolle ausgerichtet ist.<\/p>\n<p>Unsere Spezialisten analysieren Ihre Prozessbedingungen wie Temperaturbelastung, Produktstr\u00f6me, chemische Umgebung und mechanische Beanspruchung und setzen diese in eine optimale Konfiguration von PTFE-Materialien und Beschichtungen um.<\/p>\n<p>Wir denken mit Ihnen \u00fcber Lebensdauer, Energieeffizienz, Hygieneanforderungen und Maschinenkompatibilit\u00e4t nach. So vermeiden Sie Stillst\u00e4nde, verl\u00e4ngern die Lebensdauer von Produktionsteilen und erh\u00f6hen die Zuverl\u00e4ssigkeit Ihres Prozesses.<\/p>\n                                                                            <\/div>\n                                <\/div>\n                            <\/div>\n                                                                                <div class=\"accordion-item\" data-aos=\"fade-up\" data-aos-duration=\"500\">\n                                <p class=\"accordion-header\" id=\"heading-1687058771\">\n                                    <span class=\"accordion-button collapsed\" type=\"button\" data-bs-toggle=\"collapse\" data-bs-target=\"#collapse-1687058771\" aria-expanded=\"false\" aria-controls=\"collapse-1687058771\">\n                                        Ma\u00dfgeschneiderte Produktion                                    <\/span>\n                                <\/p>\n                                <div id=\"collapse-1687058771\" class=\"accordion-collapse collapse\" aria-labelledby=\"heading-1687058771\" data-bs-parent=\"#accordionFaq\">\n                                    <div class=\"accordion-body\">\n                                        <p>Alle PTFE-L\u00f6sungen von Fluortech werden mit der Pr\u00e4zision und Flexibilit\u00e4t hergestellt, die moderne Produktionsprozesse erfordern. In unserem Werk produzieren wir unter anderem PTFE-F\u00f6rderb\u00e4nder f\u00fcr Back-, Grill- und Trocknungsprozesse, aber auch ma\u00dfgeschneiderte B\u00e4nder, Folien und komplexe Konturformen, die genau den technischen Spezifikationen Ihres Maschinenparks entsprechen.<\/p>\n<p>Wir bieten auch alle Verbindungs- und Veredelungsmethoden an, wie z. B. endlose Verbindungen, verst\u00e4rkte Kanten und leitf\u00e4hige Zonen, und k\u00f6nnen auch komplexe Formen schneiden. Dadurch liefern wir ma\u00dfgeschneiderte Produkte, die nicht nur perfekt zu Ihrer Anlage passen, sondern auch nachweislich st\u00e4rker, langlebiger und stabiler unter schwierigen Prozessbedingungen sind.<\/p>\n                                                                            <\/div>\n                                <\/div>\n                            <\/div>\n                                                                                <div class=\"accordion-item\" data-aos=\"fade-up\" data-aos-duration=\"500\">\n                                <p class=\"accordion-header\" id=\"heading-319642876\">\n                                    <span class=\"accordion-button collapsed\" type=\"button\" data-bs-toggle=\"collapse\" data-bs-target=\"#collapse-319642876\" aria-expanded=\"false\" aria-controls=\"collapse-319642876\">\n                                        Breites Sortiment                                    <\/span>\n                                <\/p>\n                                <div id=\"collapse-319642876\" class=\"accordion-collapse collapse\" aria-labelledby=\"heading-319642876\" data-bs-parent=\"#accordionFaq\">\n                                    <div class=\"accordion-body\">\n                                        <p>Fluortech bietet ein komplettes Portfolio an PTFE-Produkten, die f\u00fcr eine Vielzahl von Anwendungen in Produktionsumgebungen eingesetzt werden k\u00f6nnen. Dazu geh\u00f6ren PTFE-B\u00e4nder und -Folien f\u00fcr Antihaftanwendungen, Dichtungsdr\u00e4hte f\u00fcr Verpackungsmaschinen, Silikonkomponenten f\u00fcr Kontaktw\u00e4rmeprozesse und PTFE-F\u00f6rderb\u00e4nder f\u00fcr die thermische und hygienische Produktion.<\/p>\n<p>Dar\u00fcber hinaus k\u00f6nnen wir bestehende (Maschinen-)Teile mit PTFE-Beschichtungen oder PFAS-freien alternativen Beschichtungen versehen, die auf Ihre Prozessbedingungen abgestimmt sind. Damit verbessern Sie die Antihaft- und Gleiteigenschaften, die Verschlei\u00dffestigkeit, die chemische Best\u00e4ndigkeit und die Reinigungsf\u00e4higkeit kritischer Maschinenteile.<\/p>\n<p>Unser breites Angebot erm\u00f6glicht es, komplette Prozesskomponenten aus einer Hand zu optimieren, mit gleichbleibender Qualit\u00e4t und zuverl\u00e4ssiger Leistung.<\/p>\n                                                                            <\/div>\n                                <\/div>\n                            <\/div>\n                                            <\/div>\n                            <\/div>\n        <\/div>\n    <\/div>\n\n    \n\n<\/section>\n\n\n<section class=\"section_content_item\">\n    <div class=\"container content_item\">\n        <div class=\"row\">\n            <div class=\"col-12 offset-0 col-xl-5 offset-xl-1 p-0\">\n                <div class=\"image_placeholder\" data-aos=\"fade-up\" data-aos-duration=\"500\">\n                    <div class=\"image\" style=\"background-image: url(https:\/\/fluortech.nl\/wp-content\/uploads\/2025\/02\/Aangepast-farma-e1765264597195.png);\">\n                    <\/div>\n                <\/div>\n            <\/div>\n            <div class=\"col-12 col-xl-5 p-0\">\n                <div class=\"text_placeholder\" data-aos=\"fade-up\" data-aos-duration=\"500\">\n                    <div class=\"text\">\n                        <h3><p>Haben Sie nicht gefunden, was Sie suchen, oder haben Sie eine spezielle Frage?<\/p>\n<\/h3>\n                        <p><p>Unsere Probleme sind selten Standard. Deshalb suchen unsere Mitarbeiter gerne gemeinsam mit Ihnen nach einer L\u00f6sung, die funktioniert \u2013 egal wie komplex oder einzigartig Ihre Herausforderung auch sein mag.<\/p>\n<\/p>\n                                                    <a class=\"link\" href=\"https:\/\/fluortech.nl\/contact\/\" target=\"_self\">Kontakt<\/a>\n                                            <\/div>\n                <\/div>\n            <\/div>\n        <\/div>\n    <\/div>\n<\/section>\n\n\n\n<section id=\"\" class=\"section section primary\" style=\"padding-top: px; padding-bottom: 40px; margin-top: px; margin-bottom: px\">\n    <div class=\"container\" data-aos=\"fade-up\" data-aos-duration=\"500\">\n        \n\n<p><\/p>\n\n\n    <\/div>\n<\/section>","protected":false},"excerpt":{"rendered":"","protected":false},"author":3,"featured_media":0,"parent":0,"menu_order":0,"comment_status":"closed","ping_status":"closed","template":"","meta":{"_acf_changed":false,"inline_featured_image":false,"footnotes":""},"class_list":["post-3966","page","type-page","status-publish","hentry"],"acf":[],"yoast_head":"<!-- This site is optimized with the Yoast SEO plugin v27.3 - https:\/\/yoast.com\/product\/yoast-seo-wordpress\/ -->\n<title>Von der Idee zur Umsetzung - Fluortech<\/title>\n<meta name=\"robots\" content=\"index, follow, max-snippet:-1, max-image-preview:large, max-video-preview:-1\" \/>\n<link rel=\"canonical\" href=\"https:\/\/fluortech.nl\/de\/von-der-idee-zur-umsetzung\/\" \/>\n<meta property=\"og:locale\" content=\"de_DE\" \/>\n<meta property=\"og:type\" content=\"article\" \/>\n<meta property=\"og:title\" content=\"Von der Idee zur Umsetzung - Fluortech\" \/>\n<meta property=\"og:url\" content=\"https:\/\/fluortech.nl\/de\/von-der-idee-zur-umsetzung\/\" \/>\n<meta property=\"og:site_name\" content=\"Fluortech\" \/>\n<meta property=\"article:modified_time\" content=\"2026-03-26T13:54:37+00:00\" \/>\n<meta name=\"twitter:card\" content=\"summary_large_image\" \/>\n<meta name=\"twitter:label1\" content=\"Gesch\u00e4tzte Lesezeit\" \/>\n\t<meta name=\"twitter:data1\" content=\"2\u00a0Minuten\" \/>\n<script type=\"application\/ld+json\" class=\"yoast-schema-graph\">{\"@context\":\"https:\\\/\\\/schema.org\",\"@graph\":[{\"@type\":\"WebPage\",\"@id\":\"https:\\\/\\\/fluortech.nl\\\/de\\\/von-der-idee-zur-umsetzung\\\/\",\"url\":\"https:\\\/\\\/fluortech.nl\\\/de\\\/von-der-idee-zur-umsetzung\\\/\",\"name\":\"Von der Idee zur Umsetzung - Fluortech\",\"isPartOf\":{\"@id\":\"https:\\\/\\\/fluortech.nl\\\/#website\"},\"datePublished\":\"2025-02-24T15:58:24+00:00\",\"dateModified\":\"2026-03-26T13:54:37+00:00\",\"breadcrumb\":{\"@id\":\"https:\\\/\\\/fluortech.nl\\\/de\\\/von-der-idee-zur-umsetzung\\\/#breadcrumb\"},\"inLanguage\":\"de\",\"potentialAction\":[{\"@type\":\"ReadAction\",\"target\":[\"https:\\\/\\\/fluortech.nl\\\/de\\\/von-der-idee-zur-umsetzung\\\/\"]}]},{\"@type\":\"BreadcrumbList\",\"@id\":\"https:\\\/\\\/fluortech.nl\\\/de\\\/von-der-idee-zur-umsetzung\\\/#breadcrumb\",\"itemListElement\":[{\"@type\":\"ListItem\",\"position\":1,\"name\":\"Home\",\"item\":\"https:\\\/\\\/fluortech.nl\\\/de\\\/\"},{\"@type\":\"ListItem\",\"position\":2,\"name\":\"Von der Idee zur Umsetzung\"}]},{\"@type\":\"WebSite\",\"@id\":\"https:\\\/\\\/fluortech.nl\\\/#website\",\"url\":\"https:\\\/\\\/fluortech.nl\\\/\",\"name\":\"Fluortech\",\"description\":\"Food Handling Supplies\",\"potentialAction\":[{\"@type\":\"SearchAction\",\"target\":{\"@type\":\"EntryPoint\",\"urlTemplate\":\"https:\\\/\\\/fluortech.nl\\\/?s={search_term_string}\"},\"query-input\":{\"@type\":\"PropertyValueSpecification\",\"valueRequired\":true,\"valueName\":\"search_term_string\"}}],\"inLanguage\":\"de\"}]}<\/script>\n<!-- \/ Yoast SEO plugin. -->","yoast_head_json":{"title":"Von der Idee zur Umsetzung - Fluortech","robots":{"index":"index","follow":"follow","max-snippet":"max-snippet:-1","max-image-preview":"max-image-preview:large","max-video-preview":"max-video-preview:-1"},"canonical":"https:\/\/fluortech.nl\/de\/von-der-idee-zur-umsetzung\/","og_locale":"de_DE","og_type":"article","og_title":"Von der Idee zur Umsetzung - Fluortech","og_url":"https:\/\/fluortech.nl\/de\/von-der-idee-zur-umsetzung\/","og_site_name":"Fluortech","article_modified_time":"2026-03-26T13:54:37+00:00","twitter_card":"summary_large_image","twitter_misc":{"Gesch\u00e4tzte Lesezeit":"2\u00a0Minuten"},"schema":{"@context":"https:\/\/schema.org","@graph":[{"@type":"WebPage","@id":"https:\/\/fluortech.nl\/de\/von-der-idee-zur-umsetzung\/","url":"https:\/\/fluortech.nl\/de\/von-der-idee-zur-umsetzung\/","name":"Von der Idee zur Umsetzung - Fluortech","isPartOf":{"@id":"https:\/\/fluortech.nl\/#website"},"datePublished":"2025-02-24T15:58:24+00:00","dateModified":"2026-03-26T13:54:37+00:00","breadcrumb":{"@id":"https:\/\/fluortech.nl\/de\/von-der-idee-zur-umsetzung\/#breadcrumb"},"inLanguage":"de","potentialAction":[{"@type":"ReadAction","target":["https:\/\/fluortech.nl\/de\/von-der-idee-zur-umsetzung\/"]}]},{"@type":"BreadcrumbList","@id":"https:\/\/fluortech.nl\/de\/von-der-idee-zur-umsetzung\/#breadcrumb","itemListElement":[{"@type":"ListItem","position":1,"name":"Home","item":"https:\/\/fluortech.nl\/de\/"},{"@type":"ListItem","position":2,"name":"Von der Idee zur Umsetzung"}]},{"@type":"WebSite","@id":"https:\/\/fluortech.nl\/#website","url":"https:\/\/fluortech.nl\/","name":"Fluortech","description":"Food Handling Supplies","potentialAction":[{"@type":"SearchAction","target":{"@type":"EntryPoint","urlTemplate":"https:\/\/fluortech.nl\/?s={search_term_string}"},"query-input":{"@type":"PropertyValueSpecification","valueRequired":true,"valueName":"search_term_string"}}],"inLanguage":"de"}]}},"_links":{"self":[{"href":"https:\/\/fluortech.nl\/de\/wp-json\/wp\/v2\/pages\/3966","targetHints":{"allow":["GET"]}}],"collection":[{"href":"https:\/\/fluortech.nl\/de\/wp-json\/wp\/v2\/pages"}],"about":[{"href":"https:\/\/fluortech.nl\/de\/wp-json\/wp\/v2\/types\/page"}],"author":[{"embeddable":true,"href":"https:\/\/fluortech.nl\/de\/wp-json\/wp\/v2\/users\/3"}],"replies":[{"embeddable":true,"href":"https:\/\/fluortech.nl\/de\/wp-json\/wp\/v2\/comments?post=3966"}],"version-history":[{"count":1,"href":"https:\/\/fluortech.nl\/de\/wp-json\/wp\/v2\/pages\/3966\/revisions"}],"predecessor-version":[{"id":3968,"href":"https:\/\/fluortech.nl\/de\/wp-json\/wp\/v2\/pages\/3966\/revisions\/3968"}],"wp:attachment":[{"href":"https:\/\/fluortech.nl\/de\/wp-json\/wp\/v2\/media?parent=3966"}],"curies":[{"name":"wp","href":"https:\/\/api.w.org\/{rel}","templated":true}]}}